{"id":22,"date":"2025-07-09T12:16:16","date_gmt":"2025-07-09T10:16:16","guid":{"rendered":"http:\/\/www.klyive.com\/?page_id=22"},"modified":"2025-10-08T15:18:01","modified_gmt":"2025-10-08T13:18:01","slug":"contact","status":"publish","type":"page","link":"https:\/\/www.klyive.com\/en\/kontakt\/","title":{"rendered":"Booking &amp; Contact"},"content":{"rendered":"<div data-elementor-type=\"wp-page\" data-elementor-id=\"22\" class=\"elementor elementor-22\" data-elementor-post-type=\"page\">\n\t\t\t\t<div class=\"elementor-element elementor-element-60600bf e-flex e-con-boxed e-con e-parent\" data-id=\"60600bf\" data-element_type=\"container\" data-e-type=\"container\" data-settings=\"{&quot;background_background&quot;:&quot;classic&quot;}\">\n\t\t\t\t\t<div class=\"e-con-inner\">\n\t\t\t\t<div class=\"elementor-element elementor-element-98d8249 elementor-invisible elementor-widget elementor-widget-heading\" data-id=\"98d8249\" data-element_type=\"widget\" data-e-type=\"widget\" data-settings=\"{&quot;_animation&quot;:&quot;fadeInLeft&quot;}\" data-widget_type=\"heading.default\">\n\t\t\t\t\t<h1 class=\"elementor-heading-title elementor-size-default\">Booking &amp; CONTACT<\/h1>\t\t\t\t<\/div>\n\t\t\t\t\t<\/div>\n\t\t\t\t<\/div>\n\t\t<div class=\"elementor-element elementor-element-4e46adc e-grid e-con-boxed e-con e-parent\" data-id=\"4e46adc\" data-element_type=\"container\" data-e-type=\"container\">\n\t\t\t\t\t<div class=\"e-con-inner\">\n\t\t\t\t<div class=\"elementor-element elementor-element-4ba4258 elementor-hidden-mobile elementor-widget elementor-widget-image\" data-id=\"4ba4258\" data-element_type=\"widget\" data-e-type=\"widget\" data-widget_type=\"image.default\">\n\t\t\t\t\t\t\t\t\t\t\t\t\t\t\t<img fetchpriority=\"high\" decoding=\"async\" width=\"800\" height=\"381\" src=\"https:\/\/www.klyive.com\/wp-content\/uploads\/2025\/08\/Klyive_elegant-black_1680x800-1024x488.jpg\" class=\"attachment-large size-large wp-image-12197\" alt=\"\" srcset=\"https:\/\/www.klyive.com\/wp-content\/uploads\/2025\/08\/Klyive_elegant-black_1680x800-1024x488.jpg 1024w, https:\/\/www.klyive.com\/wp-content\/uploads\/2025\/08\/Klyive_elegant-black_1680x800-300x143.jpg 300w, https:\/\/www.klyive.com\/wp-content\/uploads\/2025\/08\/Klyive_elegant-black_1680x800-768x366.jpg 768w, https:\/\/www.klyive.com\/wp-content\/uploads\/2025\/08\/Klyive_elegant-black_1680x800-1536x731.jpg 1536w, https:\/\/www.klyive.com\/wp-content\/uploads\/2025\/08\/Klyive_elegant-black_1680x800.jpg 1680w\" sizes=\"(max-width: 800px) 100vw, 800px\" \/>\t\t\t\t\t\t\t\t\t\t\t\t\t\t\t<\/div>\n\t\t<div class=\"elementor-element elementor-element-bcdf2fa e-con-full e-flex e-con e-child\" data-id=\"bcdf2fa\" data-element_type=\"container\" data-e-type=\"container\">\n\t\t\t\t<div class=\"elementor-element elementor-element-249d57a elementor-widget elementor-widget-heading\" data-id=\"249d57a\" data-element_type=\"widget\" data-e-type=\"widget\" data-widget_type=\"heading.default\">\n\t\t\t\t\t<h2 class=\"elementor-heading-title elementor-size-default\">Request Klyive<\/h2>\t\t\t\t<\/div>\n\t\t\t\t<div class=\"elementor-element elementor-element-9012d6c elementor-widget elementor-widget-text-editor\" data-id=\"9012d6c\" data-element_type=\"widget\" data-e-type=\"widget\" data-widget_type=\"text-editor.default\">\n\t\t\t\t\t\t\t\t\t<p class=\"p1\">Planning a wedding, corporate celebration, gala or exclusive event? With his distinctive voice and energetic live presence, Klyive provides the perfect musical setting. Depending on the occasion, he performs solo or with a range of band line-ups \u2013 from an intimate duo to a full band.<\/p>\t\t\t\t\t\t\t\t<\/div>\n\t\t\t\t<div class=\"elementor-element elementor-element-6033f37 elementor-icon-list--layout-traditional elementor-list-item-link-full_width elementor-widget elementor-widget-icon-list\" data-id=\"6033f37\" data-element_type=\"widget\" data-e-type=\"widget\" data-widget_type=\"icon-list.default\">\n\t\t\t\t\t\t\t<ul class=\"elementor-icon-list-items\">\n\t\t\t\t\t\t\t<li class=\"elementor-icon-list-item\">\n\t\t\t\t\t\t\t\t\t\t\t<a href=\"tel:+491624058399\">\n\n\t\t\t\t\t\t\t\t\t\t\t\t<span class=\"elementor-icon-list-icon\">\n\t\t\t\t\t\t\t<svg aria-hidden=\"true\" class=\"e-font-icon-svg e-fas-phone\" viewbox=\"0 0 512 512\" xmlns=\"http:\/\/www.w3.org\/2000\/svg\"><path d=\"M493.4 24.6l-104-24c-11.3-2.6-22.9 3.3-27.5 13.9l-48 112c-4.2 9.8-1.4 21.3 6.9 28l60.6 49.6c-36 76.7-98.9 140.5-177.2 177.2l-49.6-60.6c-6.8-8.3-18.2-11.1-28-6.9l-112 48C3.9 366.5-2 378.1.6 389.4l24 104C27.1 504.2 36.7 512 48 512c256.1 0 464-207.5 464-464 0-11.2-7.7-20.9-18.6-23.4z\"><\/path><\/svg>\t\t\t\t\t\t<\/span>\n\t\t\t\t\t\t\t\t\t\t<span class=\"elementor-icon-list-text\">+49 162 4058399<\/span>\n\t\t\t\t\t\t\t\t\t\t\t<\/a>\n\t\t\t\t\t\t\t\t\t<\/li>\n\t\t\t\t\t\t\t\t<li class=\"elementor-icon-list-item\">\n\t\t\t\t\t\t\t\t\t\t\t<a href=\"mailto:booking@klyive.com\">\n\n\t\t\t\t\t\t\t\t\t\t\t\t<span class=\"elementor-icon-list-icon\">\n\t\t\t\t\t\t\t<svg aria-hidden=\"true\" class=\"e-font-icon-svg e-fas-envelope\" viewbox=\"0 0 512 512\" xmlns=\"http:\/\/www.w3.org\/2000\/svg\"><path d=\"M502.3 190.8c3.9-3.1 9.7-.2 9.7 4.7V400c0 26.5-21.5 48-48 48H48c-26.5 0-48-21.5-48-48V195.6c0-5 5.7-7.8 9.7-4.7 22.4 17.4 52.1 39.5 154.1 113.6 21.1 15.4 56.7 47.8 92.2 47.6 35.7.3 72-32.8 92.3-47.6 102-74.1 131.6-96.3 154-113.7zM256 320c23.2.4 56.6-29.2 73.4-41.4 132.7-96.3 142.8-104.7 173.4-128.7 5.8-4.5 9.2-11.5 9.2-18.9v-19c0-26.5-21.5-48-48-48H48C21.5 64 0 85.5 0 112v19c0 7.4 3.4 14.3 9.2 18.9 30.6 23.9 40.7 32.4 173.4 128.7 16.8 12.2 50.2 41.8 73.4 41.4z\"><\/path><\/svg>\t\t\t\t\t\t<\/span>\n\t\t\t\t\t\t\t\t\t\t<span class=\"elementor-icon-list-text\">booking@klyive.com<\/span>\n\t\t\t\t\t\t\t\t\t\t\t<\/a>\n\t\t\t\t\t\t\t\t\t<\/li>\n\t\t\t\t\t\t<\/ul>\n\t\t\t\t\t\t<\/div>\n\t\t\t\t<\/div>\n\t\t\t\t\t<\/div>\n\t\t\t\t<\/div>\n\t\t<div class=\"elementor-element elementor-element-d4d815d e-flex e-con-boxed e-con e-parent\" data-id=\"d4d815d\" data-element_type=\"container\" data-e-type=\"container\" data-settings=\"{&quot;background_background&quot;:&quot;gradient&quot;}\">\n\t\t\t\t\t<div class=\"e-con-inner\">\n\t\t<div class=\"elementor-element elementor-element-7d2b440 e-grid e-con-full e-con e-child\" data-id=\"7d2b440\" data-element_type=\"container\" data-e-type=\"container\">\n\t\t\t\t<div class=\"elementor-element elementor-element-54eb317 elementor-widget elementor-widget-text-editor\" data-id=\"54eb317\" data-element_type=\"widget\" data-e-type=\"widget\" data-widget_type=\"text-editor.default\">\n\t\t\t\t\t\t\t\t\t<span class=\"eyebrow\">Booking Information<\/span>\t\t\t\t\t\t\t\t<\/div>\n\t\t\t\t<div class=\"elementor-element elementor-element-35ee903 elementor-widget elementor-widget-heading\" data-id=\"35ee903\" data-element_type=\"widget\" data-e-type=\"widget\" data-widget_type=\"heading.default\">\n\t\t\t\t\t<h2 class=\"elementor-heading-title elementor-size-default\">Event options &amp; line-ups<\/h2>\t\t\t\t<\/div>\n\t\t\t\t<\/div>\n\t\t<div class=\"elementor-element elementor-element-af83861 e-grid e-con-full e-con e-child\" data-id=\"af83861\" data-element_type=\"container\" data-e-type=\"container\">\n\t\t<div class=\"elementor-element elementor-element-1094f65 e-con-full soft-border e-flex e-con e-child\" data-id=\"1094f65\" data-element_type=\"container\" data-e-type=\"container\" data-settings=\"{&quot;background_background&quot;:&quot;classic&quot;}\">\n\t\t\t\t<div class=\"elementor-element elementor-element-14b0bff elementor-widget elementor-widget-heading\" data-id=\"14b0bff\" data-element_type=\"widget\" data-e-type=\"widget\" data-widget_type=\"heading.default\">\n\t\t\t\t\t<h3 class=\"elementor-heading-title elementor-size-default\">Music for special events<\/h3>\t\t\t\t<\/div>\n\t\t\t\t<div class=\"elementor-element elementor-element-9a64bec elementor-widget elementor-widget-text-editor\" data-id=\"9a64bec\" data-element_type=\"widget\" data-e-type=\"widget\" data-widget_type=\"text-editor.default\">\n\t\t\t\t\t\t\t\t\t<p class=\"p1\">Weddings, galas, company parties and more - Klyive delivers the right musical atmosphere.<\/p>\t\t\t\t\t\t\t\t<\/div>\n\t\t\t\t<div class=\"elementor-element elementor-element-32c4d23 elementor-align-left elementor-widget__width-auto elementor-widget elementor-widget-button\" data-id=\"32c4d23\" data-element_type=\"widget\" data-e-type=\"widget\" data-widget_type=\"button.default\">\n\t\t\t\t\t\t\t\t\t\t<a class=\"elementor-button elementor-button-link elementor-size-sm\" href=\"https:\/\/www.klyive.com\/en\/your-event\/\">\n\t\t\t\t\t\t<span class=\"elementor-button-content-wrapper\">\n\t\t\t\t\t\t<span class=\"elementor-button-icon\">\n\t\t\t\t<svg xmlns=\"http:\/\/www.w3.org\/2000\/svg\" width=\"1200pt\" height=\"1200pt\" viewbox=\"0 0 1200 1200\"><path d=\"m75.121 652.74h863.28l-261.84 262.08c-2 2.0156-3.1602 4.7188-3.2383 7.5586v122.52c0.011719 4.375 2.6641 8.3086 6.7109 9.9648s8.6953 0.70703 11.77-2.4023l444.96-444.96c2.0234-2 3.1836-4.7148 3.2383-7.5586-0.007812-2.8906-1.1758-5.6562-3.2383-7.6797l-444.84-444.72c-3.1094-3.0742-7.7461-4-11.797-2.3555-4.0469 1.6484-6.7227 5.5469-6.8047 9.918v122.52c-0.027343 2.8633 1.1484 5.6055 3.2383 7.5586l261.6 261.6h-863.04c-4.0195-0.035156-7.8867 1.5508-10.727 4.3906-2.8438 2.8438-4.4258 6.707-4.3945 10.727v76.203c0.09375 3.9336 1.7344 7.6758 4.5625 10.414s6.6211 4.2578 10.559 4.2227z\"><\/path><\/svg>\t\t\t<\/span>\n\t\t\t\t\t\t\t\t\t<span class=\"elementor-button-text\">More info<\/span>\n\t\t\t\t\t<\/span>\n\t\t\t\t\t<\/a>\n\t\t\t\t\t\t\t\t<\/div>\n\t\t\t\t<\/div>\n\t\t<div class=\"elementor-element elementor-element-6930f3f e-con-full soft-border e-flex e-con e-child\" data-id=\"6930f3f\" data-element_type=\"container\" data-e-type=\"container\" data-settings=\"{&quot;background_background&quot;:&quot;classic&quot;}\">\n\t\t\t\t<div class=\"elementor-element elementor-element-f7ae849 elementor-widget elementor-widget-heading\" data-id=\"f7ae849\" data-element_type=\"widget\" data-e-type=\"widget\" data-widget_type=\"heading.default\">\n\t\t\t\t\t<h3 class=\"elementor-heading-title elementor-size-default\">Line-up: Solo &amp; with bands<\/h3>\t\t\t\t<\/div>\n\t\t\t\t<div class=\"elementor-element elementor-element-4b7649a elementor-widget elementor-widget-text-editor\" data-id=\"4b7649a\" data-element_type=\"widget\" data-e-type=\"widget\" data-widget_type=\"text-editor.default\">\n\t\t\t\t\t\t\t\t\t<p class=\"p1\">An overview of available formations: from solo acts to acoustic duos to a full band.<\/p>\t\t\t\t\t\t\t\t<\/div>\n\t\t\t\t<div class=\"elementor-element elementor-element-26e4d85 elementor-align-left elementor-widget__width-auto elementor-widget elementor-widget-button\" data-id=\"26e4d85\" data-element_type=\"widget\" data-e-type=\"widget\" data-widget_type=\"button.default\">\n\t\t\t\t\t\t\t\t\t\t<a class=\"elementor-button elementor-button-link elementor-size-sm\" href=\"https:\/\/www.klyive.com\/en\/acts\/\">\n\t\t\t\t\t\t<span class=\"elementor-button-content-wrapper\">\n\t\t\t\t\t\t<span class=\"elementor-button-icon\">\n\t\t\t\t<svg xmlns=\"http:\/\/www.w3.org\/2000\/svg\" width=\"1200pt\" height=\"1200pt\" viewbox=\"0 0 1200 1200\"><path d=\"m75.121 652.74h863.28l-261.84 262.08c-2 2.0156-3.1602 4.7188-3.2383 7.5586v122.52c0.011719 4.375 2.6641 8.3086 6.7109 9.9648s8.6953 0.70703 11.77-2.4023l444.96-444.96c2.0234-2 3.1836-4.7148 3.2383-7.5586-0.007812-2.8906-1.1758-5.6562-3.2383-7.6797l-444.84-444.72c-3.1094-3.0742-7.7461-4-11.797-2.3555-4.0469 1.6484-6.7227 5.5469-6.8047 9.918v122.52c-0.027343 2.8633 1.1484 5.6055 3.2383 7.5586l261.6 261.6h-863.04c-4.0195-0.035156-7.8867 1.5508-10.727 4.3906-2.8438 2.8438-4.4258 6.707-4.3945 10.727v76.203c0.09375 3.9336 1.7344 7.6758 4.5625 10.414s6.6211 4.2578 10.559 4.2227z\"><\/path><\/svg>\t\t\t<\/span>\n\t\t\t\t\t\t\t\t\t<span class=\"elementor-button-text\">more info<\/span>\n\t\t\t\t\t<\/span>\n\t\t\t\t\t<\/a>\n\t\t\t\t\t\t\t\t<\/div>\n\t\t\t\t<\/div>\n\t\t\t\t<\/div>\n\t\t\t\t\t<\/div>\n\t\t\t\t<\/div>\n\t\t\t\t<\/div>","protected":false},"excerpt":{"rendered":"<p>Booking &amp; KOntakt Klyive anfragen Sie planen eine Hochzeit, eine Firmenfeier, eine Gala oder ein exklusives Event? Klyive sorgt mit seiner unverwechselbaren Stimme und seiner energiegeladenen Live-Pr\u00e4senz f\u00fcr den besonderen musikalischen Rahmen. Je nach Anlass tritt er solo oder in verschiedenen Band-Formationen auf \u2013 von kleiner Besetzung bis hin zur gro\u00dfen Band. +49 162 4058399 [&hellip;]<\/p>\n","protected":false},"author":1,"featured_media":0,"parent":0,"menu_order":80,"comment_status":"closed","ping_status":"closed","template":"","meta":{"footnotes":""},"class_list":["post-22","page","type-page","status-publish","hentry"],"yoast_head":"<!-- This site is optimized with the Yoast SEO plugin v27.3 - https:\/\/yoast.com\/product\/yoast-seo-wordpress\/ -->\n<title>Klyive | Booking &amp; Kontakt \u2013 S\u00e4nger f\u00fcr Hochzeit, Gala &amp; Events<\/title>\n<meta name=\"description\" content=\"Buchen Sie Klyive f\u00fcr Ihre Veranstaltung \u2013 ob Hochzeit, Gala, Firmenfeier oder exklusives Event. Live-Musik mit Stimme, Stil und Pr\u00e4senz.\" \/>\n<meta name=\"robots\" content=\"index, follow, max-snippet:-1, max-image-preview:large, max-video-preview:-1\" \/>\n<link rel=\"canonical\" href=\"https:\/\/www.klyive.com\/en\/contact\/\" \/>\n<meta property=\"og:locale\" content=\"en_US\" \/>\n<meta property=\"og:type\" content=\"article\" \/>\n<meta property=\"og:title\" content=\"Klyive | Booking &amp; Kontakt \u2013 S\u00e4nger f\u00fcr Hochzeit, Gala &amp; Events\" \/>\n<meta property=\"og:description\" content=\"Buchen Sie Klyive f\u00fcr Ihre Veranstaltung \u2013 ob Hochzeit, Gala, Firmenfeier oder exklusives Event. Live-Musik mit Stimme, Stil und Pr\u00e4senz.\" \/>\n<meta property=\"og:url\" content=\"https:\/\/www.klyive.com\/en\/contact\/\" \/>\n<meta property=\"og:site_name\" content=\"Klyive.com\" \/>\n<meta property=\"article:modified_time\" content=\"2025-10-08T13:18:01+00:00\" \/>\n<meta property=\"og:image\" content=\"https:\/\/www.klyive.com\/wp-content\/uploads\/2025\/08\/Klyive_elegant-black_1680x800-1024x488.jpg\" \/>\n<meta name=\"twitter:card\" content=\"summary_large_image\" \/>\n<meta name=\"twitter:label1\" content=\"Est. reading time\" \/>\n\t<meta name=\"twitter:data1\" content=\"1 minute\" \/>\n<script type=\"application\/ld+json\" class=\"yoast-schema-graph\">{\"@context\":\"https:\\\/\\\/schema.org\",\"@graph\":[{\"@type\":\"WebPage\",\"@id\":\"https:\\\/\\\/www.klyive.com\\\/kontakt\\\/\",\"url\":\"https:\\\/\\\/www.klyive.com\\\/kontakt\\\/\",\"name\":\"Klyive | Booking & Kontakt \u2013 S\u00e4nger f\u00fcr Hochzeit, Gala & Events\",\"isPartOf\":{\"@id\":\"https:\\\/\\\/www.klyive.com\\\/#website\"},\"primaryImageOfPage\":{\"@id\":\"https:\\\/\\\/www.klyive.com\\\/kontakt\\\/#primaryimage\"},\"image\":{\"@id\":\"https:\\\/\\\/www.klyive.com\\\/kontakt\\\/#primaryimage\"},\"thumbnailUrl\":\"https:\\\/\\\/www.klyive.com\\\/wp-content\\\/uploads\\\/2025\\\/08\\\/Klyive_elegant-black_1680x800-1024x488.jpg\",\"datePublished\":\"2025-07-09T10:16:16+00:00\",\"dateModified\":\"2025-10-08T13:18:01+00:00\",\"description\":\"Buchen Sie Klyive f\u00fcr Ihre Veranstaltung \u2013 ob Hochzeit, Gala, Firmenfeier oder exklusives Event. Live-Musik mit Stimme, Stil und Pr\u00e4senz.\",\"breadcrumb\":{\"@id\":\"https:\\\/\\\/www.klyive.com\\\/kontakt\\\/#breadcrumb\"},\"inLanguage\":\"en-US\",\"potentialAction\":[{\"@type\":\"ReadAction\",\"target\":[\"https:\\\/\\\/www.klyive.com\\\/kontakt\\\/\"]}]},{\"@type\":\"ImageObject\",\"inLanguage\":\"en-US\",\"@id\":\"https:\\\/\\\/www.klyive.com\\\/kontakt\\\/#primaryimage\",\"url\":\"https:\\\/\\\/www.klyive.com\\\/wp-content\\\/uploads\\\/2025\\\/08\\\/Klyive_elegant-black_1680x800-1024x488.jpg\",\"contentUrl\":\"https:\\\/\\\/www.klyive.com\\\/wp-content\\\/uploads\\\/2025\\\/08\\\/Klyive_elegant-black_1680x800-1024x488.jpg\"},{\"@type\":\"BreadcrumbList\",\"@id\":\"https:\\\/\\\/www.klyive.com\\\/kontakt\\\/#breadcrumb\",\"itemListElement\":[{\"@type\":\"ListItem\",\"position\":1,\"name\":\"Startseite\",\"item\":\"https:\\\/\\\/www.klyive.com\\\/\"},{\"@type\":\"ListItem\",\"position\":2,\"name\":\"Kontakt\"}]},{\"@type\":\"WebSite\",\"@id\":\"https:\\\/\\\/www.klyive.com\\\/#website\",\"url\":\"https:\\\/\\\/www.klyive.com\\\/\",\"name\":\"Klyive.com\",\"description\":\"Voices &amp; Vibes\",\"publisher\":{\"@id\":\"https:\\\/\\\/www.klyive.com\\\/#\\\/schema\\\/person\\\/d9c60a9ed3de76b65eefbc59abfde16d\"},\"alternateName\":\"Klyive | S\u00e4nger & Entertainer\",\"potentialAction\":[{\"@type\":\"SearchAction\",\"target\":{\"@type\":\"EntryPoint\",\"urlTemplate\":\"https:\\\/\\\/www.klyive.com\\\/?s={search_term_string}\"},\"query-input\":{\"@type\":\"PropertyValueSpecification\",\"valueRequired\":true,\"valueName\":\"search_term_string\"}}],\"inLanguage\":\"en-US\"},{\"@type\":[\"Person\",\"Organization\"],\"@id\":\"https:\\\/\\\/www.klyive.com\\\/#\\\/schema\\\/person\\\/d9c60a9ed3de76b65eefbc59abfde16d\",\"name\":\"Klyive\",\"image\":{\"@type\":\"ImageObject\",\"inLanguage\":\"en-US\",\"@id\":\"https:\\\/\\\/www.klyive.com\\\/wp-content\\\/uploads\\\/2025\\\/07\\\/Klyive_Logo_Preview.svg\",\"url\":\"https:\\\/\\\/www.klyive.com\\\/wp-content\\\/uploads\\\/2025\\\/07\\\/Klyive_Logo_Preview.svg\",\"contentUrl\":\"https:\\\/\\\/www.klyive.com\\\/wp-content\\\/uploads\\\/2025\\\/07\\\/Klyive_Logo_Preview.svg\",\"width\":1,\"height\":1,\"caption\":\"Klyive\"},\"logo\":{\"@id\":\"https:\\\/\\\/www.klyive.com\\\/wp-content\\\/uploads\\\/2025\\\/07\\\/Klyive_Logo_Preview.svg\"},\"sameAs\":[\"https:\\\/\\\/www.klyive.com\"]}]}<\/script>\n<!-- \/ Yoast SEO plugin. -->","yoast_head_json":{"title":"Klyive | Booking &amp; Contact - Singers for weddings, galas &amp; events","description":"Book Klyive for your event - whether wedding, gala, company party or exclusive event. Live music with voice, style and presence.","robots":{"index":"index","follow":"follow","max-snippet":"max-snippet:-1","max-image-preview":"max-image-preview:large","max-video-preview":"max-video-preview:-1"},"canonical":"https:\/\/www.klyive.com\/en\/contact\/","og_locale":"en_US","og_type":"article","og_title":"Klyive | Booking & Kontakt \u2013 S\u00e4nger f\u00fcr Hochzeit, Gala & Events","og_description":"Buchen Sie Klyive f\u00fcr Ihre Veranstaltung \u2013 ob Hochzeit, Gala, Firmenfeier oder exklusives Event. Live-Musik mit Stimme, Stil und Pr\u00e4senz.","og_url":"https:\/\/www.klyive.com\/en\/contact\/","og_site_name":"Klyive.com","article_modified_time":"2025-10-08T13:18:01+00:00","og_image":[{"url":"https:\/\/www.klyive.com\/wp-content\/uploads\/2025\/08\/Klyive_elegant-black_1680x800-1024x488.jpg","type":"","width":"","height":""}],"twitter_card":"summary_large_image","twitter_misc":{"Est. reading time":"1 minute"},"schema":{"@context":"https:\/\/schema.org","@graph":[{"@type":"WebPage","@id":"https:\/\/www.klyive.com\/kontakt\/","url":"https:\/\/www.klyive.com\/kontakt\/","name":"Klyive | Booking &amp; Contact - Singers for weddings, galas &amp; events","isPartOf":{"@id":"https:\/\/www.klyive.com\/#website"},"primaryImageOfPage":{"@id":"https:\/\/www.klyive.com\/kontakt\/#primaryimage"},"image":{"@id":"https:\/\/www.klyive.com\/kontakt\/#primaryimage"},"thumbnailUrl":"https:\/\/www.klyive.com\/wp-content\/uploads\/2025\/08\/Klyive_elegant-black_1680x800-1024x488.jpg","datePublished":"2025-07-09T10:16:16+00:00","dateModified":"2025-10-08T13:18:01+00:00","description":"Book Klyive for your event - whether wedding, gala, company party or exclusive event. Live music with voice, style and presence.","breadcrumb":{"@id":"https:\/\/www.klyive.com\/kontakt\/#breadcrumb"},"inLanguage":"en-US","potentialAction":[{"@type":"ReadAction","target":["https:\/\/www.klyive.com\/kontakt\/"]}]},{"@type":"ImageObject","inLanguage":"en-US","@id":"https:\/\/www.klyive.com\/kontakt\/#primaryimage","url":"https:\/\/www.klyive.com\/wp-content\/uploads\/2025\/08\/Klyive_elegant-black_1680x800-1024x488.jpg","contentUrl":"https:\/\/www.klyive.com\/wp-content\/uploads\/2025\/08\/Klyive_elegant-black_1680x800-1024x488.jpg"},{"@type":"BreadcrumbList","@id":"https:\/\/www.klyive.com\/kontakt\/#breadcrumb","itemListElement":[{"@type":"ListItem","position":1,"name":"Startseite","item":"https:\/\/www.klyive.com\/"},{"@type":"ListItem","position":2,"name":"Kontakt"}]},{"@type":"WebSite","@id":"https:\/\/www.klyive.com\/#website","url":"https:\/\/www.klyive.com\/","name":"Klyive.com","description":"Voices &amp; Vibes","publisher":{"@id":"https:\/\/www.klyive.com\/#\/schema\/person\/d9c60a9ed3de76b65eefbc59abfde16d"},"alternateName":"Klyive | S\u00e4nger & Entertainer","potentialAction":[{"@type":"SearchAction","target":{"@type":"EntryPoint","urlTemplate":"https:\/\/www.klyive.com\/?s={search_term_string}"},"query-input":{"@type":"PropertyValueSpecification","valueRequired":true,"valueName":"search_term_string"}}],"inLanguage":"en-US"},{"@type":["Person","Organization"],"@id":"https:\/\/www.klyive.com\/#\/schema\/person\/d9c60a9ed3de76b65eefbc59abfde16d","name":"Klyive","image":{"@type":"ImageObject","inLanguage":"en-US","@id":"https:\/\/www.klyive.com\/wp-content\/uploads\/2025\/07\/Klyive_Logo_Preview.svg","url":"https:\/\/www.klyive.com\/wp-content\/uploads\/2025\/07\/Klyive_Logo_Preview.svg","contentUrl":"https:\/\/www.klyive.com\/wp-content\/uploads\/2025\/07\/Klyive_Logo_Preview.svg","width":1,"height":1,"caption":"Klyive"},"logo":{"@id":"https:\/\/www.klyive.com\/wp-content\/uploads\/2025\/07\/Klyive_Logo_Preview.svg"},"sameAs":["https:\/\/www.klyive.com"]}]}},"_links":{"self":[{"href":"https:\/\/www.klyive.com\/en\/wp-json\/wp\/v2\/pages\/22","targetHints":{"allow":["GET"]}}],"collection":[{"href":"https:\/\/www.klyive.com\/en\/wp-json\/wp\/v2\/pages"}],"about":[{"href":"https:\/\/www.klyive.com\/en\/wp-json\/wp\/v2\/types\/page"}],"author":[{"embeddable":true,"href":"https:\/\/www.klyive.com\/en\/wp-json\/wp\/v2\/users\/1"}],"replies":[{"embeddable":true,"href":"https:\/\/www.klyive.com\/en\/wp-json\/wp\/v2\/comments?post=22"}],"version-history":[{"count":10,"href":"https:\/\/www.klyive.com\/en\/wp-json\/wp\/v2\/pages\/22\/revisions"}],"predecessor-version":[{"id":17412,"href":"https:\/\/www.klyive.com\/en\/wp-json\/wp\/v2\/pages\/22\/revisions\/17412"}],"wp:attachment":[{"href":"https:\/\/www.klyive.com\/en\/wp-json\/wp\/v2\/media?parent=22"}],"curies":[{"name":"wp","href":"https:\/\/api.w.org\/{rel}","templated":true}]}}